{"id":6429,"date":"2025-07-24T17:14:01","date_gmt":"2025-07-24T17:14:01","guid":{"rendered":"https:\/\/www.plataformaelearning.pt\/luzia\/?post_type=product&#038;p=6429"},"modified":"2025-08-27T09:59:41","modified_gmt":"2025-08-27T09:59:41","slug":"fundamentos-da-escrita-estatistica-revisitando-o-workshop-como-evitar-erros-comuns-em-teses-e-artigos-cientificos","status":"publish","type":"product","link":"https:\/\/www.plataformaelearning.pt\/luzia\/produto\/fundamentos-da-escrita-estatistica-revisitando-o-workshop-como-evitar-erros-comuns-em-teses-e-artigos-cientificos\/","title":{"rendered":"Fundamentos da Escrita Estat\u00edstica: Revisitando o Workshop \u201cComo Evitar Erros Comuns em Teses e Artigos Cient\u00edficos\u201d &#8211; 100% online."},"content":{"rendered":"","protected":false},"excerpt":{"rendered":"<p>Invista na Escrita Estat\u00edstica e Publique com Rigor!<\/p>\n<p>Cansado de cometer os mesmos erros na escrita estat\u00edstica da sua tese, disserta\u00e7\u00e3o ou artigo cient\u00edfico? Sente que a estat\u00edstica \u00e9 um bicho-de-sete-cabe\u00e7as na hora de comunicar os seus resultados?<\/p>\n<p>Temos a solu\u00e7\u00e3o interessante \u00a0para si! Apresentamos os &#8220;Fundamentos da Escrita Estat\u00edstica: revisitando o Workshop Como Evitar Erros Comuns em Teses e Artigos Cient\u00edficos&#8221;.<\/p>\n<p><strong>O Que \u00e9 Este Infoproduto?\u00a0<\/strong> Este \u00e9 o seu acesso exclusivo ao resumo de uma parte essencial do nosso workshop \u201dEscrita Estat\u00edstica: Como Evitar Erros Comuns em Teses e Artigos Cient\u00edficos\u201d que decorreu a 8 e 10 de julho. Da\u00a0 grava\u00e7\u00e3o resultaram quatro v\u00eddeoaulas com\u00a0 a componente te\u00f3rica desse workshop, pensada para lhe dar as bases s\u00f3lidas e as dicas pr\u00e1ticas que precisa. A componente interativa e pr\u00e1tica em direto n\u00e3o est\u00e1 inclu\u00edda nesta vers\u00e3o para a salvaguarda da privacidade dos participantes.<\/p>\n<p><strong>Para Quem \u00e9? <\/strong>Este infoproduto foi criado a pensar em si, estudante de Mestrado ou Doutoramento ou para quem est\u00e1 a escrever um artigo cient\u00edfico e quer:<\/p>\n<ul>\n<li>Evitar erros comuns que podem atrasar a entrega da sua tese, disserta\u00e7\u00e3o ou publica\u00e7\u00e3o ou comprometer a qualidade da sua tese.<\/li>\n<li>Compreender e aplicar corretamente os princ\u00edpios da escrita estat\u00edstica.<\/li>\n<li>Ganhar confian\u00e7a ao comunicar os seus resultados de investiga\u00e7\u00e3o.<\/li>\n<li>Ter acesso a um conte\u00fado valioso a um pre\u00e7o acess\u00edvel.<\/li>\n<\/ul>\n<p>&nbsp;<\/p>\n<p><strong>O Que Vai Receber?\u00a0<\/strong><\/p>\n<ul>\n<li><strong>Acesso 100% online:<\/strong> Assista quando e onde quiser, no seu pr\u00f3prio ritmo e pelo menos durante um ano.<\/li>\n<li><strong>Conte\u00fado em v\u00eddeo:<\/strong> A grava\u00e7\u00e3o completa e focada nos fundamentos te\u00f3ricos da escrita estat\u00edstica.<\/li>\n<li><strong>Materiais de apoio em .pdf:<\/strong> Para complementar a sua aprendizagem e facilitar a consulta.<\/li>\n<li>Conhecimento vital <strong>acess\u00edvel durante um ano<\/strong> e com<strong> um certificado<\/strong> ao concluir as sess\u00f5es propostas.<\/li>\n<li>Solicita\u00e7\u00e3o, atrav\u00e9s do nosso e-mail, de uma <strong>sess\u00e3o individual de 40 minutos<\/strong>, por ZOOM, para esclarecer d\u00favidas.<\/li>\n<\/ul>\n","protected":false},"featured_media":6430,"template":"","meta":{"_et_pb_use_builder":"","_et_pb_old_content":"","_et_gb_content_width":"","inline_featured_image":false},"product_brand":[],"product_cat":[79,80],"product_tag":[946,942,945,949,384,947,950,948,943,944],"class_list":{"0":"post-6429","1":"product","2":"type-product","3":"status-publish","4":"has-post-thumbnail","6":"product_cat-cursos-online","7":"product_cat-estatistica","8":"product_tag-artigocientifico","9":"product_tag-diretrizeseditoriais","10":"product_tag-dissertacao","11":"product_tag-errosestatisticos","12":"product_tag-escritaestatistica","13":"product_tag-estatistica","14":"product_tag-fundamentosdaescrita","15":"product_tag-investigacao","16":"product_tag-normasacademicas-publicacaocientifica","17":"product_tag-tese","18":"post","20":"first","21":"instock","22":"featured","23":"taxable","24":"shipping-taxable","25":"purchasable","26":"product-type-simple"},"_links":{"self":[{"href":"https:\/\/www.plataformaelearning.pt\/luzia\/wp-json\/wp\/v2\/product\/6429","targetHints":{"allow":["GET"]}}],"collection":[{"href":"https:\/\/www.plataformaelearning.pt\/luzia\/wp-json\/wp\/v2\/product"}],"about":[{"href":"https:\/\/www.plataformaelearning.pt\/luzia\/wp-json\/wp\/v2\/types\/product"}],"wp:featuredmedia":[{"embeddable":true,"href":"https:\/\/www.plataformaelearning.pt\/luzia\/wp-json\/wp\/v2\/media\/6430"}],"wp:attachment":[{"href":"https:\/\/www.plataformaelearning.pt\/luzia\/wp-json\/wp\/v2\/media?parent=6429"}],"wp:term":[{"taxonomy":"product_brand","embeddable":true,"href":"https:\/\/www.plataformaelearning.pt\/luzia\/wp-json\/wp\/v2\/product_brand?post=6429"},{"taxonomy":"product_cat","embeddable":true,"href":"https:\/\/www.plataformaelearning.pt\/luzia\/wp-json\/wp\/v2\/product_cat?post=6429"},{"taxonomy":"product_tag","embeddable":true,"href":"https:\/\/www.plataformaelearning.pt\/luzia\/wp-json\/wp\/v2\/product_tag?post=6429"}],"curies":[{"name":"wp","href":"https:\/\/api.w.org\/{rel}","templated":true}]}}