{"id":6080,"date":"2025-02-12T15:52:26","date_gmt":"2025-02-12T15:52:26","guid":{"rendered":"https:\/\/www.plataformaelearning.pt\/luzia\/?post_type=product&#038;p=6080"},"modified":"2025-10-20T10:52:39","modified_gmt":"2025-10-20T10:52:39","slug":"masterclass-gratuita-com-inscricao","status":"publish","type":"product","link":"https:\/\/www.plataformaelearning.pt\/luzia\/produto\/masterclass-gratuita-com-inscricao\/","title":{"rendered":"Master|Class &#8211; Gratuita, com inscri\u00e7\u00e3o"},"content":{"rendered":"","protected":false},"excerpt":{"rendered":"<ul>\n<li><strong>Data:<\/strong> 10 de novembro de 2025<\/li>\n<li><strong>Hora:<\/strong> 18:00 \u2013 18:45 (Hora de Lisboa)<\/li>\n<li><strong>Onde?<\/strong> Por ZOOM, sendo o link enviado imediatamente ao efetuar a <strong>inscri\u00e7\u00e3o gratuita<\/strong> em:<\/li>\n<\/ul>\n<a href='https:\/\/forms.gle\/sbDv4HbULUEsoLjA6' class='small-button smallorange' target=\"_blank\">INSCRI\u00c7\u00c3O AQUI<\/a>\n<p><strong>T\u00cdTULO<\/strong>: <strong>O\u00a0Que se Perde\u00a0no Caminho?\u00a0Da Estat\u00edstica\u00a0Pura\u00a0\u00e0 Not\u00edcia P\u00fablica<\/strong>.<\/p>\n<p><strong><b>P\u00fablico-alvo:<\/b><\/strong> Estudantes de mestrado e doutoramento e docentes e investigadores interessados neste tema + P\u00fablico em geral (nesta masterclass!)<\/p>\n<p>&nbsp;<\/p>\n<p><strong>\u00c9 poss\u00edvel ter um certificado de participa\u00e7\u00e3o?<\/strong><\/p>\n<p>Em eventos gratuitos geralmente n\u00e3o passamos certificados,\u00a0 mas \u00e9 poss\u00edvel mediante uma solicita\u00e7\u00e3o do e-mail: geral@www.plataformaelearning.pt\/luzia e com um pagamento online de 7 euros.<\/p>\n<p>&nbsp;<\/p>\n<p>&nbsp;<\/p>\n<p>&nbsp;<\/p>\n<p>&nbsp;<\/p>\n<p>&nbsp;<\/p>\n<p>&nbsp;<\/p>\n<p>&nbsp;<\/p>\n<p>&nbsp;<\/p>\n","protected":false},"featured_media":6616,"template":"","meta":{"_et_pb_use_builder":"","_et_pb_old_content":"","_et_gb_content_width":"","inline_featured_image":false},"product_brand":[],"product_cat":[854],"product_tag":[],"class_list":{"0":"post-6080","1":"product","2":"type-product","3":"status-publish","4":"has-post-thumbnail","6":"product_cat-sessoes-abertas","7":"post","9":"first","10":"onbackorder","11":"featured","12":"virtual","13":"taxable","14":"product-type-simple"},"_links":{"self":[{"href":"https:\/\/www.plataformaelearning.pt\/luzia\/wp-json\/wp\/v2\/product\/6080","targetHints":{"allow":["GET"]}}],"collection":[{"href":"https:\/\/www.plataformaelearning.pt\/luzia\/wp-json\/wp\/v2\/product"}],"about":[{"href":"https:\/\/www.plataformaelearning.pt\/luzia\/wp-json\/wp\/v2\/types\/product"}],"wp:featuredmedia":[{"embeddable":true,"href":"https:\/\/www.plataformaelearning.pt\/luzia\/wp-json\/wp\/v2\/media\/6616"}],"wp:attachment":[{"href":"https:\/\/www.plataformaelearning.pt\/luzia\/wp-json\/wp\/v2\/media?parent=6080"}],"wp:term":[{"taxonomy":"product_brand","embeddable":true,"href":"https:\/\/www.plataformaelearning.pt\/luzia\/wp-json\/wp\/v2\/product_brand?post=6080"},{"taxonomy":"product_cat","embeddable":true,"href":"https:\/\/www.plataformaelearning.pt\/luzia\/wp-json\/wp\/v2\/product_cat?post=6080"},{"taxonomy":"product_tag","embeddable":true,"href":"https:\/\/www.plataformaelearning.pt\/luzia\/wp-json\/wp\/v2\/product_tag?post=6080"}],"curies":[{"name":"wp","href":"https:\/\/api.w.org\/{rel}","templated":true}]}}