{"id":5736,"date":"2024-10-07T08:48:02","date_gmt":"2024-10-07T08:48:02","guid":{"rendered":"https:\/\/www.plataformaelearning.pt\/luzia\/?post_type=product&#038;p=5736"},"modified":"2025-02-12T15:56:26","modified_gmt":"2025-02-12T15:56:26","slug":"mentoria","status":"publish","type":"product","link":"https:\/\/www.plataformaelearning.pt\/luzia\/produto\/mentoria\/","title":{"rendered":"Mentoria  POWER z-Stat4life"},"content":{"rendered":"","protected":false},"excerpt":{"rendered":"<div dir=\"auto\">\n<p>A <strong>Mentoria POWER z-Stat4life<\/strong> \u00e9 um <strong>programa individual e personalizado<\/strong>, desenvolvido para estudantes de mestrado e doutoramento que usem a estat\u00edstica e a an\u00e1lise de dados nas suas teses. Este programa combina o desenvolvimento t\u00e9cnico com uma forte componente de crescimento pessoal e profissional, promovendo um impacto transformador na jornada acad\u00e9mica e na carreira dos mentorandos.<\/p>\n<p>O foco da mentoria est\u00e1 no desenvolvimento de compet\u00eancias e na autonomia do mentorando. Trata-se de um processo de orienta\u00e7\u00e3o personalizado, que visa ajudar os estudantes a compreender conceitos, aplicar m\u00e9todos estat\u00edsticos e enfrentar desafios com confian\u00e7a. Mais do que oferecer respostas, a mentoria promove uma aprendizagem ativa e construtiva, valorizando tanto os acertos como os erros como ferramentas poderosas de crescimento. Aqui, o erro n\u00e3o \u00e9 rejeitado, mas acolhido como parte essencial do progresso acad\u00e9mico e profissional.<\/p>\n<p><strong>Mentoria vs Consultoria: As Diferen\u00e7as<\/strong><\/p>\n<p>A mentoria distingue-se claramente da consultoria.<br \/>\nEnquanto a consultoria est\u00e1 concentrada na resolu\u00e7\u00e3o pontual de problemas, com o consultor a entregar solu\u00e7\u00f5es espec\u00edficas, sem aprofundar o envolvimento no processo de aprendizagem, a mentoria transforma conhecimento em capacidades duradouras. O objetivo n\u00e3o \u00e9 fornecer respostas r\u00e1pidas, mas capacitar o mentorando para dominar conceitos, ferramentas e tomar decis\u00f5es estrat\u00e9gicas de forma aut\u00f3noma e fundamentada.<\/p>\n<p>Na Mentoria POWER z-Stat4life\u00ae, \u00e9 o mentorando quem faz o caminho; o mentor apenas ilumina a dire\u00e7\u00e3o, partilhando a experi\u00eancia acumulada de quem j\u00e1 percorreu trajetos semelhantes, aprendendo com erros e conquistas.<\/p>\n<p><strong>Como Participar?<\/strong><\/p>\n<p>Para se inscrever na Mentoria POWER z-Stat4life, envie um e-mail para geral@www.plataformaelearning.pt\/luzia com o assunto: Mentoria POWER z-Stat4life.<br \/>\nAp\u00f3s o contacto, a nossa equipa enviar\u00e1 um question\u00e1rio inicial e as op\u00e7\u00f5es de hor\u00e1rio dispon\u00edveis para agendamento de uma entrevista (custo: 80 euros). Esta entrevista permitir\u00e1 avaliar as suas necessidades e definir os pr\u00f3ximos passos no programa.<\/p>\n<p>A entrevista e as sess\u00f5es podem ser por ZOOM ou presenciais em Lisboa, Vinhais ou Bragan\u00e7a, em datas a combinar previamente.<\/p>\n<p>Invista em si. Descubra o poder da mentoria para transformar a sua jornada acad\u00e9mica e profissional!<\/p>\n<\/div>\n<div class=\"x11i5rnm xat24cr x1mh8g0r x1vvkbs xtlvy1s x126k92a\">\n<p dir=\"auto\">\n<\/div>\n<div class=\"x11i5rnm xat24cr x1mh8g0r x1vvkbs xtlvy1s x126k92a\">\n<div dir=\"auto\"><\/div>\n<\/div>\n","protected":false},"featured_media":6054,"template":"","meta":{"_et_pb_use_builder":"","_et_pb_old_content":"","_et_gb_content_width":"","inline_featured_image":false},"product_brand":[],"product_cat":[80],"product_tag":[869,870,867,866,868],"class_list":{"0":"post-5736","1":"product","2":"type-product","3":"status-publish","4":"has-post-thumbnail","6":"product_cat-estatistica","7":"product_tag-estatisticaaplicada","8":"product_tag-estatisticaparaavida","9":"product_tag-mentoriaestatistica","10":"product_tag-mentoriaestudantes","11":"product_tag-programaindividualepresonalizado","12":"post","14":"first","15":"onbackorder","16":"featured","17":"virtual","18":"taxable","19":"product-type-simple"},"_links":{"self":[{"href":"https:\/\/www.plataformaelearning.pt\/luzia\/wp-json\/wp\/v2\/product\/5736","targetHints":{"allow":["GET"]}}],"collection":[{"href":"https:\/\/www.plataformaelearning.pt\/luzia\/wp-json\/wp\/v2\/product"}],"about":[{"href":"https:\/\/www.plataformaelearning.pt\/luzia\/wp-json\/wp\/v2\/types\/product"}],"wp:featuredmedia":[{"embeddable":true,"href":"https:\/\/www.plataformaelearning.pt\/luzia\/wp-json\/wp\/v2\/media\/6054"}],"wp:attachment":[{"href":"https:\/\/www.plataformaelearning.pt\/luzia\/wp-json\/wp\/v2\/media?parent=5736"}],"wp:term":[{"taxonomy":"product_brand","embeddable":true,"href":"https:\/\/www.plataformaelearning.pt\/luzia\/wp-json\/wp\/v2\/product_brand?post=5736"},{"taxonomy":"product_cat","embeddable":true,"href":"https:\/\/www.plataformaelearning.pt\/luzia\/wp-json\/wp\/v2\/product_cat?post=5736"},{"taxonomy":"product_tag","embeddable":true,"href":"https:\/\/www.plataformaelearning.pt\/luzia\/wp-json\/wp\/v2\/product_tag?post=5736"}],"curies":[{"name":"wp","href":"https:\/\/api.w.org\/{rel}","templated":true}]}}