{"id":5449,"date":"2024-05-02T19:53:25","date_gmt":"2024-05-02T19:53:25","guid":{"rendered":"https:\/\/www.plataformaelearning.pt\/luzia\/?post_type=product&#038;p=5449"},"modified":"2024-10-07T08:50:38","modified_gmt":"2024-10-07T08:50:38","slug":"webinar-escrita-estatistica-erros-comuns-a-evitar-em-teses-e-artigos-cientificos","status":"publish","type":"product","link":"https:\/\/www.plataformaelearning.pt\/luzia\/produto\/webinar-escrita-estatistica-erros-comuns-a-evitar-em-teses-e-artigos-cientificos\/","title":{"rendered":"Webinar &#8211; Escrita Estat\u00edstica: erros comuns a evitar em teses e artigos cient\u00edficos"},"content":{"rendered":"<p>Este webinar visa abordar alguns erros frequentes na estat\u00edstica descrita em teses e artigos cient\u00edficos em \u00e1reas aplicadas, desde a descri\u00e7\u00e3o do c\u00e1lculo do tamanho m\u00ednimo, amostragem, apresenta\u00e7\u00e3o da an\u00e1lise de dados, infer\u00eancia e modela\u00e7\u00e3o estat\u00edstica.<\/p>\n<p>&nbsp;<\/p>\n<p>&nbsp;<\/p>\n<p><script src=\"moz-extension:\/\/6520fa33-dda5-4d46-86d0-07c6656236b2\/js\/app.js\" type=\"text\/javascript\"><\/script><\/p>\n","protected":false},"excerpt":{"rendered":"<div class='et-box et-shadow'>\n\t\t\t\t\t<div class='et-box-content'>Inscri\u00e7\u00f5es fechadas. Envie um e-mail, caso tenha interesse numa pr\u00f3xima edi\u00e7\u00e3o.<\/div><\/div>\n<p><strong>Data:<\/strong> <span class=\"OYPEnA text-decoration-none text-strikethrough-none\">28\/05\/2024 das 18:00 &#8211; 20:00 (Hora de Lisboa), <\/span><\/p>\n<p><span class=\"OYPEnA text-decoration-none text-strikethrough-none\"><strong>Onde?<\/strong> Por ZOOM, com <em>link<\/em> a ser enviado mais pr\u00f3ximo da data.<\/span><\/p>\n<p><strong>A quem se destina?<\/strong> Estudantes de mestrado e doutoramento a prepararem as suas disserta\u00e7\u00f5es e teses, ou profissionais envolvidos na prepara\u00e7\u00e3o de artigos cient\u00edficos de diversas \u00e1reas (ci\u00eancias de sa\u00fade, educa\u00e7\u00e3o, ci\u00eancias sociais, etc.).<\/p>\n<p><strong>Inscri\u00e7\u00e3o<\/strong>: Ao adicionar ao carrinho e efetuar o pagamento, a inscri\u00e7\u00e3o fica imediatamente validada, sendo enviado automaticamente um e-mail a confirmar.\u00a0 Conv\u00e9m verificar na pasta do SPAM, caso n\u00e3o recebas logo esse e-mail. Para conhecer melhor os inscritos no webinar, agradecemos tamb\u00e9m o preenchimento do question\u00e1rio no bot\u00e3o em baixo. <strong>A resposta ao question\u00e1rio, sem o respectivo pagamento, n\u00e3o \u00e9 v\u00e1lida<\/strong>. Se soubeste deste webinar pelas redes sociais e j\u00e1 preencheste o question\u00e1rio, n\u00e3o precisas de responder novamente.<\/p>\n<a href='https:\/\/forms.gle\/tJnX5tX4FLtqMgKU7' class='small-button smallorange' target=\"_blank\">Question\u00e1rio-Webinar<\/a>\n<p>Qualquer d\u00favida que tenhas, usa o nosso e-mail: geral@www.plataformaelearning.pt\/luzia<\/p>\n<p><script src=\"moz-extension:\/\/6520fa33-dda5-4d46-86d0-07c6656236b2\/js\/app.js\" type=\"text\/javascript\"><\/script><\/p>\n","protected":false},"featured_media":5454,"template":"","meta":{"_et_pb_use_builder":"","_et_pb_old_content":"","_et_gb_content_width":"","inline_featured_image":false},"product_brand":[],"product_cat":[80],"product_tag":[301,385,389,384,386,391,316,390,388,387],"class_list":{"0":"post-5449","1":"product","2":"type-product","3":"status-publish","4":"has-post-thumbnail","6":"product_cat-estatistica","7":"product_tag-amostragem","8":"product_tag-analisededados","9":"product_tag-dataanalys","10":"product_tag-escritaestatistica","11":"product_tag-metodosestatisticos","12":"product_tag-samplesize","13":"product_tag-sampling","14":"product_tag-statisticalmethods","15":"product_tag-statisticalwriting","16":"product_tag-tamanhodaamostra","17":"post","19":"first","20":"outofstock","21":"taxable","22":"shipping-taxable","23":"product-type-simple"},"_links":{"self":[{"href":"https:\/\/www.plataformaelearning.pt\/luzia\/wp-json\/wp\/v2\/product\/5449","targetHints":{"allow":["GET"]}}],"collection":[{"href":"https:\/\/www.plataformaelearning.pt\/luzia\/wp-json\/wp\/v2\/product"}],"about":[{"href":"https:\/\/www.plataformaelearning.pt\/luzia\/wp-json\/wp\/v2\/types\/product"}],"wp:featuredmedia":[{"embeddable":true,"href":"https:\/\/www.plataformaelearning.pt\/luzia\/wp-json\/wp\/v2\/media\/5454"}],"wp:attachment":[{"href":"https:\/\/www.plataformaelearning.pt\/luzia\/wp-json\/wp\/v2\/media?parent=5449"}],"wp:term":[{"taxonomy":"product_brand","embeddable":true,"href":"https:\/\/www.plataformaelearning.pt\/luzia\/wp-json\/wp\/v2\/product_brand?post=5449"},{"taxonomy":"product_cat","embeddable":true,"href":"https:\/\/www.plataformaelearning.pt\/luzia\/wp-json\/wp\/v2\/product_cat?post=5449"},{"taxonomy":"product_tag","embeddable":true,"href":"https:\/\/www.plataformaelearning.pt\/luzia\/wp-json\/wp\/v2\/product_tag?post=5449"}],"curies":[{"name":"wp","href":"https:\/\/api.w.org\/{rel}","templated":true}]}}