{"id":490,"date":"2020-03-27T16:10:17","date_gmt":"2020-03-27T16:10:17","guid":{"rendered":"https:\/\/www.plataformaelearning.pt\/luzia\/?post_type=product&#038;p=490"},"modified":"2025-06-14T14:02:35","modified_gmt":"2025-06-14T14:02:35","slug":"jornada","status":"publish","type":"product","link":"https:\/\/www.plataformaelearning.pt\/luzia\/produto\/jornada\/","title":{"rendered":"Jornada para fortalecer a tua candidatura a um mestrado ou doutoramento em Portugal"},"content":{"rendered":"<p>T\u00f3picos desta <strong>Jornada 100% online<\/strong> para ver e rever quando quiser, por um per\u00edodo de um ano, com acesso imediato aos conte\u00fados ap\u00f3s a inscri\u00e7\u00e3o:<\/p>\n<ul>\n<li>Apresenta\u00e7\u00e3o da mentora desta jornada<\/li>\n<li>Objetivos desta Jornada, baseados na experi\u00eancia de avalia\u00e7\u00e3o de candidaturas<\/li>\n<li>Assuma que a sua candidatura a um mestrado, um doutoramento ou a uma bolsa de estudo \u00e9 submetida a uma sele\u00e7\u00e3o exigente por parte da Comiss\u00e3o Cient\u00edfica ou do Painel de Avalia\u00e7\u00e3o<\/li>\n<li>M\u00e9todo 5W2H: uma ferramenta para ajudar na escolha dos programas de mestrado e doutoramento<\/li>\n<li>Plano de a\u00e7\u00e3o: prepara\u00e7\u00e3o dos documentos que s\u00e3o mais demorados<\/li>\n<li>Plano de investiga\u00e7\u00e3o: \u00e9 necess\u00e1rio? Se sim, como estrutur\u00e1-lo de forma adequada?<\/li>\n<li>Plano de investiga\u00e7\u00e3o: a estrutura usada nas Bolsas de Doutoramento FCT<\/li>\n<li>Cartas de recomenda\u00e7\u00e3o: a quem pedir e que elementos deve fornecer a quem o(a) vai recomendar?<\/li>\n<li>Como fazer um curr\u00edculo adequado ao mestrado ou ao doutoramento em quest\u00e3o<\/li>\n<li>Exemplos de curr\u00edculos<\/li>\n<li>Cartas de motiva\u00e7\u00e3o poderosas: o que real\u00e7ar?<\/li>\n<li>Exemplos de cartas de motiva\u00e7\u00e3o<\/li>\n<li>Coment\u00e1rios sobre quatro exemplos de cartas de motiva\u00e7\u00e3o<\/li>\n<li>Prepara\u00e7\u00e3o para a entrevista (se aplic\u00e1vel)<\/li>\n<li>Bolsas de estudo: onde procurar?<\/li>\n<li>O que fazer no caso da candidatura ao programa e\/ou bolsa de estudo for aprovada? A prepara\u00e7\u00e3o da log\u00edstica para os deslocados<\/li>\n<li>O que fazer no caso da candidatura ao programa e\/ou bolsa de estudo n\u00e3o for aprovada<\/li>\n<\/ul>\n<p>&nbsp;<\/p>\n<p><strong>Sobre a formadora<\/strong>:<\/p>\n<ul>\n<li><strong>Luzia Gon\u00e7alves<\/strong>, PhD em Estat\u00edstica Experimental e An\u00e1lise de Dados. Foi professora universit\u00e1ria por mais de 20 anos no Instituto de Higiene e Medicina Tropical &#8211; Universidade Nova de Lisboa, tendo uma larga experi\u00eancia como docente e investigadora, com foco nos pa\u00edses de express\u00e3o portuguesa. Integrou como coordenadora ou como membro seis comiss\u00f5es cient\u00edficas de doutoramento e mestrado. Desde 2004 \u00e9 membro do Centro de Estat\u00edstica e Aplica\u00e7\u00f5es da Universidade de Lisboa. Apresenta mais de uma centena de artigos em revistas nacionais, internacionais e cap\u00edtulos de livros (ORCID 0000-0002-9710-1945, Scopus Author ID: 7103169188 e CIENCIA VITAE: 6313-0A81-2C8C). Os seus trabalhos cient\u00edficos foram publicados em revistas e jornais de diferentes \u00e1reas desde: estat\u00edstica, sa\u00fade p\u00fablica internacional, sa\u00fade global, medicina tropical, ambiente, planeamento urbano e ci\u00eancias biom\u00e9dicas.<br \/>\nEm 2022, fundou a Z-Stat4life<b>\u00ae .<\/b><\/li>\n<\/ul>\n","protected":false},"excerpt":{"rendered":"<p>Sonhas em prosseguir os teus estudos de mestrado ou de doutoramento? Vais concorrer a uma bolsa de Estudo? Esta \u00e9 a tua oportunidade!<\/p>\n<p>Apresentamos a &#8220;Jornada para fortalecer a tua candidatura a um mestrado ou doutoramento em Portugal&#8221;, um <strong>programa 100%\u00a0 online, v\u00e1lido por um ano,<\/strong> desenhado para candidatos que procuram destacar-se no processo de admiss\u00e3o, n\u00e3o s\u00f3 a programas, como tamb\u00e9m a bolsas de estudo, em Portugal ou noutros pa\u00edses, uma vez que a documenta\u00e7\u00e3o \u00e9 similar.<\/p>\n<p><strong><b>O que te espera?<\/b><\/strong><\/p>\n<ul>\n<li><b><\/b><strong><b>V\u00eddeoaulas Exclusivas: <\/b><\/strong>Acede a conte\u00fados detalhados e pr\u00e1ticos: 16 v\u00eddeos; 4 \u00e1udios; 10 documentos em .pdf.<\/li>\n<li><b><\/b><strong><b>Prepara\u00e7\u00e3o Completa: <\/b><\/strong>Aprende a elaborar todos os elementos da tua candidatura com a m\u00e1xima qualidade, desde a carta de motiva\u00e7\u00e3o ao curr\u00edculo acad\u00e9mico.<\/li>\n<li><b><\/b><strong><b>Dicas e Estrat\u00e9gias Vencedoras: <\/b><\/strong>Descobre os segredos para uma candidatura de sucesso, diretamente de quem conhece o sistema acad\u00e9mico portugu\u00eas.<\/li>\n<li><b><\/b><strong><b>Apoio Personalizado: <\/b><\/strong>Esclarece as tuas <strong>d\u00favidas e recebe orienta\u00e7\u00e3o<\/strong> numa sess\u00e3o por ZOOM, em datas a combinar. De momento, est\u00e1 agendada uma sess\u00e3o para <strong>4 de julho de 2025 das 17:30-18:30 (Hora de Lisboa)<\/strong>.<\/li>\n<\/ul>\n<p><strong><b>A quem se destina?<\/b><\/strong><\/p>\n<ul>\n<li>Candidatos a mestrado e doutoramento em universidades portuguesas (ou outras).<\/li>\n<li>Candidatos a uma bolsa de estudo<\/li>\n<li>Estudantes que procuram uma prepara\u00e7\u00e3o adequada para uma candidatura a programas de mestrado e doutoramento ou a bolsas de estudo.<\/li>\n<\/ul>\n<p><strong><b>Por que participar?<\/b><\/strong><\/p>\n<ul>\n<li>Aumenta as tuas hip\u00f3teses de admiss\u00e3o em programas de mestrado e doutoramento de prest\u00edgio e a bolsas de estudo.<\/li>\n<li>Evita erros comuns e otimiza o teu tempo e esfor\u00e7o.<\/li>\n<li>Recebe um acompanhamento especializado e personalizado.<\/li>\n<\/ul>\n<p><strong><b>Inscreve-te j\u00e1 e garante o teu lugar nesta Jornada 100% online!<\/b><\/strong><strong><b> Adiciona ao carrinho (em &#8220;Comprar&#8221;) e efetua o pagamento online, usando um dos m\u00e9todos dispon\u00edveis nesta p\u00e1gina para ter acesso imediato aos materiais.<\/b><\/strong><\/p>\n<p>&nbsp;<\/p>\n","protected":false},"featured_media":6161,"template":"","meta":{"_et_pb_use_builder":"","_et_pb_old_content":"","_et_gb_content_width":"","inline_featured_image":false},"product_brand":[],"product_cat":[79,81],"product_tag":[898,901,900,896,895,904,905,907,906,297],"class_list":{"0":"post-490","1":"product","2":"type-product","3":"status-publish","4":"has-post-thumbnail","6":"product_cat-cursos-online","7":"product_cat-outros","8":"product_tag-cartaderecomendacao","9":"product_tag-5w3h","10":"product_tag-bolsadeestudo","11":"product_tag-candidaturadoutoramento","12":"product_tag-candidaturamestrado","13":"product_tag-cartademotivacao","14":"product_tag-curriculo","15":"product_tag-dicasparacandidatura","16":"product_tag-perguntasentrevista","17":"product_tag-plano-de-investigacao","18":"product_shipping_class-classe-3","19":"post","21":"first","22":"instock","23":"featured","24":"virtual","25":"taxable","26":"purchasable","27":"product-type-simple"},"_links":{"self":[{"href":"https:\/\/www.plataformaelearning.pt\/luzia\/wp-json\/wp\/v2\/product\/490","targetHints":{"allow":["GET"]}}],"collection":[{"href":"https:\/\/www.plataformaelearning.pt\/luzia\/wp-json\/wp\/v2\/product"}],"about":[{"href":"https:\/\/www.plataformaelearning.pt\/luzia\/wp-json\/wp\/v2\/types\/product"}],"wp:featuredmedia":[{"embeddable":true,"href":"https:\/\/www.plataformaelearning.pt\/luzia\/wp-json\/wp\/v2\/media\/6161"}],"wp:attachment":[{"href":"https:\/\/www.plataformaelearning.pt\/luzia\/wp-json\/wp\/v2\/media?parent=490"}],"wp:term":[{"taxonomy":"product_brand","embeddable":true,"href":"https:\/\/www.plataformaelearning.pt\/luzia\/wp-json\/wp\/v2\/product_brand?post=490"},{"taxonomy":"product_cat","embeddable":true,"href":"https:\/\/www.plataformaelearning.pt\/luzia\/wp-json\/wp\/v2\/product_cat?post=490"},{"taxonomy":"product_tag","embeddable":true,"href":"https:\/\/www.plataformaelearning.pt\/luzia\/wp-json\/wp\/v2\/product_tag?post=490"}],"curies":[{"name":"wp","href":"https:\/\/api.w.org\/{rel}","templated":true}]}}