{"id":4683,"date":"2022-05-28T16:09:28","date_gmt":"2022-05-28T16:09:28","guid":{"rendered":"https:\/\/www.plataformaelearning.pt\/luzia\/?post_type=product&#038;p=4683"},"modified":"2025-10-26T00:01:31","modified_gmt":"2025-10-26T00:01:31","slug":"e-book-produto-modelo","status":"publish","type":"product","link":"https:\/\/www.plataformaelearning.pt\/luzia\/produto\/e-book-produto-modelo\/","title":{"rendered":"e-book | A estat\u00edstica e a investiga\u00e7\u00e3o cient\u00edfica: o in\u00edcio do caminho"},"content":{"rendered":"<p>Este e-book apresenta os seguintes conte\u00fados, numa linguagem simples e acess\u00edvel, par planear a tua investiga\u00e7\u00e3o para a disserta\u00e7\u00e3o de mestrado, tese de doutoramento ou projeto de investiga\u00e7\u00e3o de uma forma mais f\u00e1cil:<\/p>\n<p>1| Introdu\u00e7\u00e3o<\/p>\n<p>2| Descobrindo a Estat\u00edstica no in\u00edcio da Investiga\u00e7\u00e3o<\/p>\n<p>3| Objetivos SMART<\/p>\n<p>4| Quest\u00f5es de investiga\u00e7\u00e3o, objetivos e hip\u00f3teses: qual a liga\u00e7\u00e3o \u00e0 estat\u00edstica?<\/p>\n<p>5| Estat\u00edstica \u201cainda em dados\u201d: termos que merecem aten\u00e7\u00e3o<\/p>\n<p>5.1| Dados prim\u00e1rios <em>versus<\/em> Dados secund\u00e1rios<\/p>\n<p>5.2| Unidade amostral, unidade experimental, unidade estat\u00edstica, unidade em estudo<\/p>\n<p>5.3| Popula\u00e7\u00e3o ou universo e amostras (algumas n\u00e3o representativas)<\/p>\n<p>5.4| Base de amostragem, popula\u00e7\u00e3o-alvo e popula\u00e7\u00e3o em estudo, popula\u00e7\u00e3o acess\u00edvel, popula\u00e7\u00e3o inquirida<\/p>\n<p>5.5| M\u00e9todos de amostragem probabil\u00edsticos<\/p>\n<p>5.6| M\u00e9todos de amostragem: variantes<\/p>\n<p>5.7| Dados, vari\u00e1vel, dom\u00ednio da vari\u00e1vel, tipo de vari\u00e1vel<\/p>\n<p>5.8| Outros termos ligados \u00e0s vari\u00e1veis<\/p>\n<p>5.9| Plano operacional das vari\u00e1veis<\/p>\n<p>6| Perguntas com resposta imediata<\/p>\n<p>7| Pergunta frequente para os estat\u00edsticos<\/p>\n<p>8| Protocolo de Investiga\u00e7\u00e3o: para que serve<\/p>\n<p>8.1| Protocolo de Investiga\u00e7\u00e3o: uma poss\u00edvel estrutura<\/p>\n<p>8.2| Protocolo de Investiga\u00e7\u00e3o: gui\u00f5es, regulamentos e formul\u00e1rios<\/p>\n<p>8.3| Detalhes que permitem reproduzir a an\u00e1lise estat\u00edstica<\/p>\n<p>9| Notas finais<\/p>\n<p>10| Refer\u00eancias bibliogr\u00e1ficas<\/p>\n","protected":false},"excerpt":{"rendered":"<div class=\"page\" title=\"Page 7\">\n<div class=\"section\">\n<div class=\"layoutArea\">\n<div class=\"column\">\n<a href='https:\/\/www.canva.com\/design\/DAGWFkEEZHc\/__Vav9YLNwVti2N2BjI6Sw\/watch?utm_content=DAGWFkEEZHc&#038;utm_campaign=designshare&#038;utm_medium=link&#038;utm_source=editor' class='small-button smallblue'>Apresenta\u00e7\u00e3o<\/a>\n<p style=\"text-align: left;\"><a href='https:\/\/www.plataformaelearning.pt\/luzia\/wp-content\/uploads\/2022\/05\/Folhear-o-ebook.mp4' class='small-button smallorange'>Visualizar algumas p\u00e1ginas<\/a><\/p>\n<p>Est\u00e1s a iniciar um plano de investiga\u00e7\u00e3o para um mestrado, doutoramento, ou uma proposta de um projeto de investiga\u00e7\u00e3o ou bolsa e sentes-te perdido(a)? L\u00eas, pensas, escreves, mas n\u00e3o sentes seguran\u00e7a e a tua cabe\u00e7a parece que vai explodir? Clama, h\u00e1 solu\u00e7\u00e3o!<\/p>\n<p>Este e-book apresenta uma vis\u00e3o resumida de conceitos estat\u00edsticos fundamentais para o delineamento de um trabalho de investiga\u00e7\u00e3o (ou pesquisa) que envolva recolha de dados em diferentes popula\u00e7\u00f5es, mediante um protocolo. Este e-book n\u00e3o apresenta f\u00f3rmulas matem\u00e1ticas complicadas e a linguagem usada \u00e9 simples e acess\u00edvel a v\u00e1rios p\u00fablicos. Trata-se de uma introdu\u00e7\u00e3o \u00e0 estat\u00edstica para planear e recolher dados alinhados com a quest\u00e3o de investiga\u00e7\u00e3o (ou de pesquisa), pois \u00e9 desde o in\u00edcio que acautelamos a qualidade dos dados para o sucesso das teses de doutoramento e disserta\u00e7\u00f5es de mestrado (ou outros projetos de investiga\u00e7\u00e3o). A estat\u00edstica \u00e9 um pilar estruturante da investiga\u00e7\u00e3o cient\u00edfica, sendo necess\u00e1rio integr\u00e1-la com o m\u00e1ximo de aten\u00e7\u00e3o e rigor, desde o esbo\u00e7o inicial.<\/p>\n<p style=\"text-align: left;\">Veja a descri\u00e7\u00e3o dos conte\u00fados principais em baixo.<\/p>\n<p><strong>Este e-book online est\u00e1, exclusivamente, dispon\u00edvel aqui ao carregar no bot\u00e3o<\/strong> &#8220;<strong>Comprar<\/strong>&#8220;:<\/p>\n<\/div>\n<\/div>\n<\/div>\n<\/div>\n","protected":false},"featured_media":6019,"template":"","meta":{"_et_pb_use_builder":"","_et_pb_old_content":"","_et_gb_content_width":"","inline_featured_image":false},"product_brand":[],"product_cat":[15],"product_tag":[302,306,301,304,303,318,328,299,307,322,295,311,292,294,296,297,325,298,327,326,293,319,321,313,314,309,315,316,320,308,310,312,317,300,305,324,323],"class_list":{"0":"post-4683","1":"product","2":"type-product","3":"status-publish","4":"has-post-thumbnail","6":"product_cat-ebooks","7":"product_tag-amostra-estratificada","8":"product_tag-amostra-representativa","9":"product_tag-amostragem","10":"product_tag-amostragem-aleatoria","11":"product_tag-amostragem-por-clusters","12":"product_tag-cluster-sampling","13":"product_tag-codebook","14":"product_tag-dimensao-da-amostra","15":"product_tag-estimacao","16":"product_tag-estimation","17":"product_tag-hipoteses","18":"product_tag-hypotheses","19":"product_tag-metodologia-cientifica","20":"product_tag-objetivos-smart","21":"product_tag-plano-de-analise-estatistica","22":"product_tag-plano-de-investigacao","23":"product_tag-plano-operacional-das-variaveis","24":"product_tag-protocolo-de-investigacao","25":"product_tag-qualitative-variables","26":"product_tag-quantitative-variables","27":"product_tag-questao-de-investigacao","28":"product_tag-random-sampling","29":"product_tag-representative-sample","30":"product_tag-research-plan","31":"product_tag-research-protocol","32":"product_tag-research-question","33":"product_tag-sample-size","34":"product_tag-sampling","35":"product_tag-satatistical-tests","36":"product_tag-scientific-methodology","37":"product_tag-smart-objectives","38":"product_tag-statistical-analysis-plan","39":"product_tag-stratified-sampling","40":"product_tag-tamanho-da-amostra","41":"product_tag-testes-estatisticos","42":"product_tag-varaveis-qualitativas","43":"product_tag-variaveis-quantitativas","44":"post","46":"first","47":"instock","48":"featured","49":"downloadable","50":"virtual","51":"purchasable","52":"product-type-simple"},"_links":{"self":[{"href":"https:\/\/www.plataformaelearning.pt\/luzia\/wp-json\/wp\/v2\/product\/4683","targetHints":{"allow":["GET"]}}],"collection":[{"href":"https:\/\/www.plataformaelearning.pt\/luzia\/wp-json\/wp\/v2\/product"}],"about":[{"href":"https:\/\/www.plataformaelearning.pt\/luzia\/wp-json\/wp\/v2\/types\/product"}],"wp:featuredmedia":[{"embeddable":true,"href":"https:\/\/www.plataformaelearning.pt\/luzia\/wp-json\/wp\/v2\/media\/6019"}],"wp:attachment":[{"href":"https:\/\/www.plataformaelearning.pt\/luzia\/wp-json\/wp\/v2\/media?parent=4683"}],"wp:term":[{"taxonomy":"product_brand","embeddable":true,"href":"https:\/\/www.plataformaelearning.pt\/luzia\/wp-json\/wp\/v2\/product_brand?post=4683"},{"taxonomy":"product_cat","embeddable":true,"href":"https:\/\/www.plataformaelearning.pt\/luzia\/wp-json\/wp\/v2\/product_cat?post=4683"},{"taxonomy":"product_tag","embeddable":true,"href":"https:\/\/www.plataformaelearning.pt\/luzia\/wp-json\/wp\/v2\/product_tag?post=4683"}],"curies":[{"name":"wp","href":"https:\/\/api.w.org\/{rel}","templated":true}]}}