{"id":3092,"date":"2021-01-11T12:21:41","date_gmt":"2021-01-11T12:21:41","guid":{"rendered":"https:\/\/www.plataformaelearning.pt\/luzia\/?page_id=3092"},"modified":"2024-10-30T09:23:23","modified_gmt":"2024-10-30T09:23:23","slug":"termos-e-condicoes","status":"publish","type":"page","link":"https:\/\/www.plataformaelearning.pt\/luzia\/termos-e-condicoes\/","title":{"rendered":"Termos e Condi\u00e7\u00f5es"},"content":{"rendered":"<p>[et_pb_section fb_built=&#8221;1&#8243; _builder_version=&#8221;4.16&#8243; _module_preset=&#8221;default&#8221; custom_padding=&#8221;40px||20px||false|false&#8221; saved_tabs=&#8221;all&#8221; global_colors_info=&#8221;{}&#8221;][et_pb_row _builder_version=&#8221;4.16&#8243; _module_preset=&#8221;default&#8221; custom_padding=&#8221;13px||13px||true|&#8221; global_colors_info=&#8221;{}&#8221;][et_pb_column type=&#8221;4_4&#8243; _builder_version=&#8221;4.16&#8243; _module_preset=&#8221;default&#8221; global_colors_info=&#8221;{}&#8221;][et_pb_text _builder_version=&#8221;4.16&#8243; _module_preset=&#8221;default&#8221; text_font=&#8221;|700|||||||&#8221; text_text_color=&#8221;#373737&#8243; text_font_size=&#8221;26px&#8221; text_line_height=&#8221;1.4em&#8221; text_font_size_tablet=&#8221;24px&#8221; text_font_size_phone=&#8221;22px&#8221; text_font_size_last_edited=&#8221;on|phone&#8221; global_colors_info=&#8221;{}&#8221;]<\/p>\n<p>Termos e Condi\u00e7\u00f5es<\/p>\n<p>[\/et_pb_text][\/et_pb_column][\/et_pb_row][\/et_pb_section][et_pb_section fb_built=&#8221;1&#8243; _builder_version=&#8221;4.16&#8243; _module_preset=&#8221;default&#8221; custom_padding=&#8221;0px||64px|||&#8221; global_colors_info=&#8221;{}&#8221;][et_pb_row _builder_version=&#8221;4.16&#8243; _module_preset=&#8221;default&#8221; custom_padding=&#8221;0px||0px|||&#8221; global_colors_info=&#8221;{}&#8221;][et_pb_column type=&#8221;4_4&#8243; _builder_version=&#8221;4.16&#8243; _module_preset=&#8221;default&#8221; global_colors_info=&#8221;{}&#8221;][et_pb_text _builder_version=&#8221;4.27.2&#8243; _module_preset=&#8221;default&#8221; text_line_height=&#8221;1.6em&#8221; max_width=&#8221;900px&#8221; custom_margin=&#8221;||30px|||&#8221; global_colors_info=&#8221;{}&#8221;]<\/p>\n<ol>\n<li><span> Campo de aplica\u00e7\u00e3o<\/span><\/li>\n<\/ol>\n<p><span>1.1.\u00a0Estas condi\u00e7\u00f5es de venda aplicam-se:<\/span><br \/><span>(a) a todas as ofertas contidas neste website \u2013 tamb\u00e9m designado \u201csite\u201d \u2013 emitidas pela\u00a0z-Stat4life,\u00a0com sede em\u00a0Espa\u00e7o Cowork Baldaya, Pal\u00e1cio Baldaya, Estrada de Benfica N\u00ba 701A \u2013 1549-011 Lisboa, telefone: 00351-217169045 e NIF 195144627.<\/span><br \/><span>(b) a todos os acordos e rela\u00e7\u00f5es conclu\u00eddas entre a<\/span> z-Stat4life<span> \/ <a href=\"https:\/\/www.plataformaelearning.pt\/luzia\">www.www.plataformaelearning.pt\/luzia<\/a> e qualquer cliente que efetue encomendas atrav\u00e9s deste website.<\/span><\/p>\n<p><span>1.2.\u00a0A\u00a0<\/span>z-Stat4life<span> aceita encomendas de produtos atrav\u00e9s do website www.<\/span>www.plataformaelearning.pt\/luzia<span>, sujeitas a estas condi\u00e7\u00f5es de venda.<\/span><\/p>\n<p><span>1.3.\u00a0As condi\u00e7\u00f5es gerais de venda s\u00e3o as \u00fanicas a serem aplic\u00e1veis e substituem toda as outras condi\u00e7\u00f5es, exceto pr\u00e9vio acordo, expresso e por escrito. A\u00a0<\/span>z-Stat4life<span> pode pontualmente modificar certas disposi\u00e7\u00f5es das suas condi\u00e7\u00f5es gerais, e tamb\u00e9m \u00e9 preciso que esta seja relida a cada visita no site\u00a0www.<\/span> www.plataformaelearning.pt\/luzia<span> (aqui designado \u201cSite\u201d). Consideramos que quando o pedido for validado, o cliente est\u00e1 automaticamente a aceitar as nossas condi\u00e7\u00f5es gerais de venda.<\/span><\/p>\n<ol start=\"2\">\n<li><span> Processo da Registo e Encomenda<\/span><\/li>\n<\/ol>\n<p><span>2.1. Registo<\/span><\/p>\n<p><span>Para efetuar as suas compras atrav\u00e9s deste website, dever\u00e1 registar-se previamente. Os dados solicitados para o registo s\u00e3o:<\/span><\/p>\n<ul>\n<li><span>Nome<\/span><\/li>\n<li><span>Apelido<\/span><\/li>\n<li><span>E-mail<\/span><\/li>\n<li><span>Telefone<\/span><\/li>\n<li><span>Fax (se aplic\u00e1vel)<\/span><\/li>\n<li><span>Empresa (se aplic\u00e1vel)<\/span><\/li>\n<li><span>Reg Conserv.<\/span><\/li>\n<li><span>N\u00famero de Identifica\u00e7\u00e3o fiscal<\/span><\/li>\n<li><span>Morada<\/span><\/li>\n<\/ul>\n<p><span>2.2.\u00a0Encomenda<\/span><\/p>\n<p><span>2.2.1.\u00a0Escolha dos Produtos<\/span><br \/><span>Os produtos apresentados neste website s\u00e3o agrupados por Categorias:\u00a0Cursos presenciais, Cursos Online e e-Books. Estas categorias est\u00e3o identificadas no menu superior e na coluna esquerda nas p\u00e1ginas internas do website. Ao escolher uma dessas categorias ter\u00e1 acesso \u00e0 categoria pertencente \u00e0 \u00e1rea selecionada, bem como \u00e0 lista de produtos.<\/span><br \/><span>Em cada uma dessas categorias poder\u00e3o ainda existir subcategorias agregadas. Ao selecionar uma categoria ou subcategoria ter\u00e1 acesso \u00e0 lista de produtos.<\/span><br \/><span>Os produtos visualizados no site que pretender encomendar, dever\u00e3o ser inseridos no carrinho de compras, atrav\u00e9s do uso da op\u00e7\u00e3o \u201cComprar\u201d. Poder\u00e1 ainda obter informa\u00e7\u00f5es mais detalhadas sobre os produtos visualizados, clicando no nome do produto, para aceder a imagens detalhadas dos mesmos, suas designa\u00e7\u00f5es e refer\u00eancias, caracter\u00edsticas, outros modelos, etc.<\/span><\/p>\n<p><span>2.2.2.\u00a0Carrinho de Compras<\/span><br \/><span>Ap\u00f3s ter colocado no carrinho de compras todos os produtos que pretende encomendar, poder\u00e1 avan\u00e7ar e concluir a sua encomenda. Dever\u00e1 para o efeito observar os seguintes passos:<\/span><\/p>\n<p><span>Passo 1 \u2013 Identifica\u00e7\u00e3o;<\/span><br \/><span>Caso j\u00e1 tenha efetuado o seu login, poder\u00e1 passar ao Passo 2.<\/span><br \/><span>Passo 2 \u2013 Conta e Morada para Cobran\u00e7a;<\/span><br \/><span>Passo 3 \u2013 Forma de Pagamento;<\/span><br \/><span>Passo 4 \u2013 Confirmar Pedido;<\/span><br \/><span>Ap\u00f3s confirma\u00e7\u00e3o do seu pedido receber\u00e1 um e-mail resposta de rece\u00e7\u00e3o de encomenda.<\/span><\/p>\n<p><span>2.2.3.\u00a0Aceita\u00e7\u00e3o da Encomenda<\/span><br \/><span>A confirma\u00e7\u00e3o da disponibilidade dos produtos encomendados e a aceita\u00e7\u00e3o da sua encomenda ser\u00e1 efetuada e-mail autom\u00e1tico.<\/span><br \/><span>Apenas com esta aceita\u00e7\u00e3o pela\u00a0<\/span>z-Stat4life<span> se formar\u00e1 o acordo que obriga a\u00a0www.www.plataformaelearning.pt\/luzia\u00a0e o cliente, e do qual fazem parte estas condi\u00e7\u00f5es de venda.<\/span><br \/><span>A\u00a0<\/span>z-Stat4life<span> poder\u00e1 retirar, a todo o tempo, qualquer oferta ou alterar o pre\u00e7o indicado at\u00e9 \u00e0 exist\u00eancia do acordo com o cliente.<\/span><br \/><span>N\u00e3o poder\u00e3o ser imput\u00e1veis \u00e0\u00a0<\/span>z-Stat4life<span> quaisquer responsabilidades por eventuais erros tipogr\u00e1ficos.<\/span><br \/><span>As imagens apresentadas podem n\u00e3o corresponder aos produtos.<\/span><\/p>\n<ol start=\"4\">\n<li><span> Meios de Pagamento<\/span><\/li>\n<\/ol>\n<p><span>Os meios de pagamento dispon\u00edveis s\u00e3o:<\/span><br \/><span>(a) Transfer\u00eancia banc\u00e1ria pr\u00e9via<\/span><br \/><span>(b) Pagamentos autom\u00e1ticos<\/span><\/p>\n<ol start=\"5\">\n<li><span> Resolu\u00e7\u00e3o da Compra<\/span><\/li>\n<\/ol>\n<p><span>5.1. O cliente disp\u00f5e do prazo m\u00e1ximo de 14 dias consecutivos para resolver livremente o acordo de compra celebrado com a z-Stat4life.<\/span><\/p>\n<p><span>5.2.\u00a0Para o efeito, dever\u00e1 contactar-nos atrav\u00e9s do email:\u00a0geral@www.plataformaelearning.pt\/luzia. A \u00a0emiss\u00e3o de nota de cr\u00e9dito ou o reembolso em dinheiro, ser\u00e3o efetuados em data a acordar. <\/span><\/p>\n<ol start=\"6\">\n<li><span> Tratamento e Seguran\u00e7a de Dados Pessoais<\/span><\/li>\n<\/ol>\n<p><span>8.1.\u00a0Em cumprimento do disposto na Lei de Prote\u00e7\u00e3o de Dados Pessoais, o cliente da\u00a0<\/span>z-Stat4life<span> e utilizador do website poder\u00e1, a qualquer momento, exercer os direitos de acesso, retifica\u00e7\u00e3o, cancelamento e comunica\u00e7\u00e3o dos seus dados atrav\u00e9s das seguintes formas: na \u00e1rea do site designada por \u201cA Minha Conta\u201d, atrav\u00e9s do email: \u00a0geral@www.plataformaelearning.pt\/luzia.\u00a0Se pretender anular o seu e-mail deve efetuar essa anula\u00e7\u00e3o atrav\u00e9s do endere\u00e7o de e-mail que se encontra na nossa base de dados, de outra forma ficaremos impossibilitados de o remover.<\/span><\/p>\n<p><span>6.2.\u00a0O cliente autoriza a\u00a0<\/span>z-Stat4life<span> \/ www.www.plataformaelearning.pt\/luzia\u00a0a processar de modo automatizado os dados pessoais do cliente, incluindo todos os divulgados no momento do registo no site, para os fins necess\u00e1rios \u00e0 contrata\u00e7\u00e3o com o cliente, gest\u00e3o e execu\u00e7\u00e3o das compras e respetivos registos, controlo de acessos, incluindo a utiliza\u00e7\u00e3o da tecnologia \u201ccookies\u201d, podendo os mesmos ser acedidos por prestadores de servi\u00e7os e fornecedores da\u00a0<\/span>z-Stat4life<span> \/ www.www.plataformaelearning.pt\/luzia, designadamente, empresas de contabilidade e de auditoria.<\/span><\/p>\n<p><span>6.3.\u00a0O cliente poder\u00e1 autorizar a\u00a0<\/span>z-Stat4life<span> \/ <a href=\"https:\/\/www.plataformaelearning.pt\/luzia\">www.www.plataformaelearning.pt\/luzia<\/a>, o uso dos seus dados para fins publicit\u00e1rios, incluindo marketing direto, publicidade, prospe\u00e7\u00e3o e an\u00e1lise de mercado, podendo, todavia, o cliente opor-se a tal divulga\u00e7\u00e3o no campo existente no site destinado a esse efeito.<\/span><\/p>\n<ol start=\"7\">\n<li><span> Outros Direitos e Responsabilidades<\/span><\/li>\n<\/ol>\n<p><span>7.1.\u00a0Username<\/span><br \/><span>Cada cliente registado escolher\u00e1 um Username (e-mail) que \u00e9 \u00fanico, pessoal e intransmiss\u00edvel. A password \u00e9 escolhida pelo cliente no momento do registo e dever\u00e1 ser mantida em segredo.<\/span><\/p>\n<p><span>7.2.\u00a0Pre\u00e7os e Limita\u00e7\u00e3o ao Stock Existente<\/span><br \/><span>Os pre\u00e7os s\u00e3o apresentados em euros e incluem as respetivas taxas e impostos (IVA). Os pre\u00e7os indicados s\u00e3o exclusivos para a compra atrav\u00e9s deste site.<\/span><\/p>\n<p><span>A disponibiliza\u00e7\u00e3o dos produtos apresentados no website est\u00e1 limitada ao stock (vagas definidas) existente a cada momento. Os pre\u00e7os e outras descri\u00e7\u00f5es est\u00e3o sujeitos a altera\u00e7\u00f5es sem aviso pr\u00e9vio.<\/span><\/p>\n<p><span>7.3.\u00a0Propriedade dos Conte\u00fados e Sinais Distintivos<\/span><br \/><span>Todos os dados e conte\u00fados do site, incluindo sinais distintivos do com\u00e9rcio, s\u00e3o propriedade exclusiva da\u00a0<\/span>z-Stat4life\u00ae<span> \/ <a href=\"https:\/\/www.plataformaelearning.pt\/luzia\">www.www.plataformaelearning.pt\/luzia<\/a> ou de terceiros e como tal protegidos por lei.<\/span><\/p>\n<p><span>7.4.\u00a0Erros nos Conte\u00fados<\/span><br \/>z-Stat4life<span> \/ <a href=\"https:\/\/www.plataformaelearning.pt\/luzia\">www.www.plataformaelearning.pt\/luzia<\/a> n\u00e3o assume qualquer responsabilidade por quaisquer erros no conte\u00fado do site e da informa\u00e7\u00e3o disponibilizada. A\u00a0<\/span>z-Stat4life<span> \/ <a href=\"https:\/\/www.plataformaelearning.pt\/luzia\">www.www.plataformaelearning.pt\/luzia<\/a> faz todos os esfor\u00e7os para assegurar a exatid\u00e3o e conformidade do site, reservando-se o direito de alterar livremente os conte\u00fados do site, a todo o tempo e sem aviso pr\u00e9vio.<\/span><\/p>\n<p><span>7.5.\u00a0Utiliza\u00e7\u00e3o da Internet<\/span><br \/><span>A\u00a0<\/span>z-Stat4life<span> \/ <a href=\"https:\/\/www.plataformaelearning.pt\/luzia\">www.www.plataformaelearning.pt\/luzia<\/a> n\u00e3o ser\u00e1 respons\u00e1vel pelos preju\u00edzos e inconvenientes decorrentes da utiliza\u00e7\u00e3o da Internet, incluindo, por exemplo, em consequ\u00eancia da rutura ou defici\u00eancia do servi\u00e7o e acesso, da intrus\u00e3o exterior ou da presen\u00e7a de v\u00edrus inform\u00e1ticos, ou de qualquer caso de for\u00e7a maior.<\/span><\/p>\n<p><span>7.6.\u00a0Newsletter<\/span><br \/><span>As Newsletters enviadas por e-mail destinam-se \u00e0 divulga\u00e7\u00e3o de promo\u00e7\u00f5es e informa\u00e7\u00f5es gerais da <\/span>z-Stat4life<span> \/ <a href=\"https:\/\/www.plataformaelearning.pt\/luzia\">www.www.plataformaelearning.pt\/luzia<\/a>. O cliente poder\u00e1 receber a Newsletter, a partir do momento em que fa\u00e7a o seu registo na Newsletter ou no site, conquanto n\u00e3o exista indica\u00e7\u00e3o sua em contr\u00e1rio no formul\u00e1rio de registo.<\/span><\/p>\n<ol start=\"8\">\n<li><span> Legisla\u00e7\u00e3o e Foro<\/span><\/li>\n<\/ol>\n<p><span>Quaisquer acordos e documentos, a que sejam aplic\u00e1veis as presentes condi\u00e7\u00f5es de venda, s\u00e3o regulados pela lei portuguesa. Os lit\u00edgios emergentes de quaisquer acordos ou documentos a que sejam aplic\u00e1veis as presentes condi\u00e7\u00f5es de venda ser\u00e3o submetidos aos tribunais competentes de Portugal.<\/span><\/p>\n<p>[\/et_pb_text][\/et_pb_column][\/et_pb_row][\/et_pb_section]<\/p>\n","protected":false},"excerpt":{"rendered":"<p>Termos e Condi\u00e7\u00f5es Campo de aplica\u00e7\u00e3o 1.1.\u00a0Estas condi\u00e7\u00f5es de venda aplicam-se:(a) a todas as ofertas contidas neste website \u2013 tamb\u00e9m designado \u201csite\u201d \u2013 emitidas pela\u00a0z-Stat4life,\u00a0com sede em\u00a0Espa\u00e7o Cowork Baldaya, Pal\u00e1cio Baldaya, Estrada de Benfica N\u00ba 701A \u2013 1549-011 Lisboa, telefone: 00351-217169045 e NIF 195144627.(b) a todos os acordos e rela\u00e7\u00f5es conclu\u00eddas entre a z-Stat4life \/ [&hellip;]<\/p>\n","protected":false},"author":795,"featured_media":0,"parent":0,"menu_order":0,"comment_status":"closed","ping_status":"closed","template":"","meta":{"_et_pb_use_builder":"on","_et_pb_old_content":"","_et_gb_content_width":"","inline_featured_image":false,"footnotes":""},"class_list":["post-3092","page","type-page","status-publish","hentry"],"_links":{"self":[{"href":"https:\/\/www.plataformaelearning.pt\/luzia\/wp-json\/wp\/v2\/pages\/3092","targetHints":{"allow":["GET"]}}],"collection":[{"href":"https:\/\/www.plataformaelearning.pt\/luzia\/wp-json\/wp\/v2\/pages"}],"about":[{"href":"https:\/\/www.plataformaelearning.pt\/luzia\/wp-json\/wp\/v2\/types\/page"}],"author":[{"embeddable":true,"href":"https:\/\/www.plataformaelearning.pt\/luzia\/wp-json\/wp\/v2\/users\/795"}],"replies":[{"embeddable":true,"href":"https:\/\/www.plataformaelearning.pt\/luzia\/wp-json\/wp\/v2\/comments?post=3092"}],"version-history":[{"count":8,"href":"https:\/\/www.plataformaelearning.pt\/luzia\/wp-json\/wp\/v2\/pages\/3092\/revisions"}],"predecessor-version":[{"id":5828,"href":"https:\/\/www.plataformaelearning.pt\/luzia\/wp-json\/wp\/v2\/pages\/3092\/revisions\/5828"}],"wp:attachment":[{"href":"https:\/\/www.plataformaelearning.pt\/luzia\/wp-json\/wp\/v2\/media?parent=3092"}],"curies":[{"name":"wp","href":"https:\/\/api.w.org\/{rel}","templated":true}]}}